{"id":59,"date":"2020-11-10T13:30:18","date_gmt":"2020-11-10T12:30:18","guid":{"rendered":"http:\/\/www.cubitrans.cz\/?page_id=59"},"modified":"2020-11-19T16:07:30","modified_gmt":"2020-11-19T15:07:30","slug":"kontakt","status":"publish","type":"page","link":"https:\/\/www.cubitrans.cz\/index.php\/kontakt\/","title":{"rendered":"Kontakt"},"content":{"rendered":"\n<p>Jakub Kotl\u00e1\u0159 &#8211; jednatel  + 420 608 631 403<br>Mark\u00e9ta Kotl\u00e1\u0159ov\u00e1 &#8211; fakturace  + 420 608 478 818<\/p>\n\n\n\n<p><strong>Adresa provozovny : <\/strong> Krmel\u00ednsk\u00e1 646\/22, Ostrava, 72000<br><strong>S\u00eddlo spole\u010dnosti :<\/strong>       Sokolsk\u00e1 t\u0159\u00edda 1615\/50, Ostrava, 70200<\/p>\n\n\n\n<p><em>Datov\u00e1 schr\u00e1nka: bby63vq<\/em> <br>I\u010c 05589070, DI\u010c CZ05589070    <em>jsme pl\u00e1tci DPH<\/em><\/p>\n\n\n\n<p><em>Sestav\u00edme V\u00e1m nab\u00eddku na m\u00edru. Zanechte n\u00e1m zpr\u00e1vu a my se V\u00e1m v co nejkrat\u0161\u00ed dob\u011b ozveme zp\u011bt!<\/em><\/p>\n\n\n<div class=\"wpforms-container wpforms-container-full wpforms-block\" id=\"wpforms-30\"><form id=\"wpforms-form-30\" class=\"wpforms-validate wpforms-form wpforms-ajax-form\" data-formid=\"30\" method=\"post\" enctype=\"multipart\/form-data\" action=\"\/index.php\/wp-json\/wp\/v2\/pages\/59\" data-token=\"2d2a905bbeb389da119bff5237ac1a54\" data-token-time=\"1777614115\"><noscript class=\"wpforms-error-noscript\">Chcete-li vyplnit tento formul\u00e1\u0159, pros\u00edm povolte v prohl\u00ed\u017ee\u010di JavaScript.<\/noscript><div class=\"wpforms-field-container\"><div id=\"wpforms-30-field_0-container\" class=\"wpforms-field wpforms-field-name wpforms-one-half wpforms-first\" data-field-id=\"0\"><label class=\"wpforms-field-label wpforms-label-hide\" for=\"wpforms-30-field_0\">Jm\u00e9no \/ Spole\u010dnost <span class=\"wpforms-required-label\">*<\/span><\/label><input type=\"text\" id=\"wpforms-30-field_0\" class=\"wpforms-field-large wpforms-field-required\" name=\"wpforms[fields][0]\" placeholder=\"Jm\u00e9no \/ Spole\u010dnost\" required><\/div><div id=\"wpforms-30-field_3-container\" class=\"wpforms-field wpforms-field-email wpforms-one-half\" data-field-id=\"3\"><label class=\"wpforms-field-label wpforms-label-hide\" for=\"wpforms-30-field_3\">E-mail <span class=\"wpforms-required-label\">*<\/span><\/label><input type=\"email\" id=\"wpforms-30-field_3\" class=\"wpforms-field-large wpforms-field-required\" name=\"wpforms[fields][3]\" placeholder=\"E-mail\" spellcheck=\"false\" required><\/div><div id=\"wpforms-30-field_2-container\" class=\"wpforms-field wpforms-field-textarea\" data-field-id=\"2\"><label class=\"wpforms-field-label wpforms-label-hide\" for=\"wpforms-30-field_2\">Va\u0161e zpr\u00e1va <span class=\"wpforms-required-label\">*<\/span><\/label><textarea id=\"wpforms-30-field_2\" class=\"wpforms-field-medium wpforms-field-required\" name=\"wpforms[fields][2]\" placeholder=\"Va\u0161e zpr\u00e1va\" required><\/textarea><\/div><\/div><!-- .wpforms-field-container --><div class=\"wpforms-submit-container\" ><input type=\"hidden\" name=\"wpforms[id]\" value=\"30\"><input type=\"hidden\" name=\"page_title\" value=\"\"><input type=\"hidden\" name=\"page_url\" value=\"https:\/\/www.cubitrans.cz\/index.php\/wp-json\/wp\/v2\/pages\/59\"><input type=\"hidden\" name=\"url_referer\" value=\"\"><button type=\"submit\" name=\"wpforms[submit]\" id=\"wpforms-submit-30\" class=\"wpforms-submit\" data-alt-text=\"Odes\u00edl\u00e1m\" data-submit-text=\"Odeslat popt\u00e1vku\" aria-live=\"assertive\" value=\"wpforms-submit\">Odeslat popt\u00e1vku<\/button><img loading=\"lazy\" decoding=\"async\" src=\"https:\/\/www.cubitrans.cz\/wp-content\/plugins\/wpforms-lite\/assets\/images\/submit-spin.svg\" class=\"wpforms-submit-spinner\" style=\"display: none;\" width=\"26\" height=\"26\" alt=\"Na\u010d\u00edt\u00e1n\u00ed\"><\/div><\/form><\/div>  <!-- .wpforms-container -->","protected":false},"excerpt":{"rendered":"<p>Jakub Kotl\u00e1\u0159 &#8211; jednatel + 420 608 631 403Mark\u00e9ta Kotl\u00e1\u0159ov\u00e1 &#8211; fakturace + 420 608 478 818 Adresa provozovny : Krmel\u00ednsk\u00e1 646\/22, Ostrava, 72000S\u00eddlo spole\u010dnosti : Sokolsk\u00e1 t\u0159\u00edda 1615\/50, Ostrava, 70200 Datov\u00e1 schr\u00e1nka: bby63vq I\u010c 05589070, DI\u010c CZ05589070 jsme pl\u00e1tci DPH Sestav\u00edme V\u00e1m nab\u00eddku na m\u00edru. Zanechte n\u00e1m zpr\u00e1vu a [&hellip;]<\/p>\n","protected":false},"author":1,"featured_media":0,"parent":0,"menu_order":0,"comment_status":"closed","ping_status":"closed","template":"","meta":{"footnotes":""},"class_list":["post-59","page","type-page","status-publish","hentry"],"_links":{"self":[{"href":"https:\/\/www.cubitrans.cz\/index.php\/wp-json\/wp\/v2\/pages\/59","targetHints":{"allow":["GET"]}}],"collection":[{"href":"https:\/\/www.cubitrans.cz\/index.php\/wp-json\/wp\/v2\/pages"}],"about":[{"href":"https:\/\/www.cubitrans.cz\/index.php\/wp-json\/wp\/v2\/types\/page"}],"author":[{"embeddable":true,"href":"https:\/\/www.cubitrans.cz\/index.php\/wp-json\/wp\/v2\/users\/1"}],"replies":[{"embeddable":true,"href":"https:\/\/www.cubitrans.cz\/index.php\/wp-json\/wp\/v2\/comments?post=59"}],"version-history":[{"count":6,"href":"https:\/\/www.cubitrans.cz\/index.php\/wp-json\/wp\/v2\/pages\/59\/revisions"}],"predecessor-version":[{"id":140,"href":"https:\/\/www.cubitrans.cz\/index.php\/wp-json\/wp\/v2\/pages\/59\/revisions\/140"}],"wp:attachment":[{"href":"https:\/\/www.cubitrans.cz\/index.php\/wp-json\/wp\/v2\/media?parent=59"}],"curies":[{"name":"wp","href":"https:\/\/api.w.org\/{rel}","templated":true}]}}